{"id":1101,"date":"2024-12-03T09:07:01","date_gmt":"2024-12-03T09:07:01","guid":{"rendered":"https:\/\/bitsandbees.nl\/?page_id=1101"},"modified":"2024-12-03T20:23:42","modified_gmt":"2024-12-03T20:23:42","slug":"honingdauwhoning","status":"publish","type":"page","link":"https:\/\/bitsandbees.nl\/index.php\/honingdauwhoning\/","title":{"rendered":"Honingdauwhoning."},"content":{"rendered":"\n<p><em><strong>Er is honing en honingdauwhoning. Wat zijn de verschillen?<\/strong><\/em><br>Het honingbesluit vermeld twee soorten honing, nl florale honing bereid uit bloemennectar en honing van insecten, ofwel,<br>\u201cafscheidingsproducten van levende plantendelen of uitscheidingsproducten van plantensapzuigende insecten\u201d<br>Hoofdzakelijk de luis consumeert het sap van bladen voor hun noodzakelijke prote\u00efnen. Het sap bestaat vooral uit water en suiker met slechts een 1 a 2% prote\u00efne. De luis moet dus zeer veel verwerken om voldoende prote\u00efnen binnen te krijgen en<br>wat overblijft wordt dus door de luis uitgescheiden. Juist! Luizenpoep!<\/p>\n\n\n\n<figure class=\"wp-block-image aligncenter size-full is-resized\"><img loading=\"lazy\" decoding=\"async\" width=\"318\" height=\"326\" src=\"https:\/\/bitsandbees.nl\/wp-content\/uploads\/2024\/12\/image.png\" alt=\"\" class=\"wp-image-1103\" style=\"width:185px;height:auto\" srcset=\"https:\/\/bitsandbees.nl\/wp-content\/uploads\/2024\/12\/image.png 318w, https:\/\/bitsandbees.nl\/wp-content\/uploads\/2024\/12\/image-293x300.png 293w\" sizes=\"(max-width: 318px) 100vw, 318px\" \/><\/figure>\n\n\n\n<p>Eind juni is vaak de tijd dat de onder begroeiing van struiken en begroeiing geheel bedekt is met die kleverige substantie.<br>Luizen zijn op dat moment vaak talrijk in de tuin(en) aanwezig. De uitgescheiden vloeistof verdampt snel en de bijen verzamelen dat in hoofdzaak in de ochtend en de avond. De weersomstandigheden als warm en zwoel weer versterken de grootte aanwezigheid van de luis.<\/p>\n\n\n\n<p>Planten die het produceren zijn dan vooral loofbomen, zoals o.a. Linde, Wilg, Walnoot en Kastanje. De bijen verwerken de zoete afscheiding dan verder als normale nectar waardoor er een mix ontstaat. Het verkrijgen van deze honing is zeer afhankelijk van klimaat en weersgesteldheid. Wordt er zeer veel verzameld dan mogen we spreken van Honingdauwhoning.<br>Een honingsoort die in ons gebied zelden voorkomt maar afgelopen jaren steeds meer geoogst. De honing is zeer donker van kleur, dikker, en smaakt minder zoet met een kruid-, schors- en aard- achtige nasmaak. Kristallisatie treedt ook bijna niet op.<br>De honing is zeer rijk aan mineralen zoals ijzer, aminozuren en oligo-elementen \u2013 dat zijn o.a. magnesium, zink, fosfor, kobalt<br>en zwavel de z.g sporenelementen. Hierdoor heeft deze honing ook een hoog antioxidant gehalte en is daardoor zeer geliefd<br>door sporters en zou een goede werking hebben op het zenuwstelsel en hersenactiviteiten. Het werkt minder snel dan<br>bij een hoger glucosegehalte van florale honing.<br>Maar hoe weet je nu of je geoogste honing ook echt honingdauw-honing genoemd mag worden?<\/p>\n\n\n\n<p>Dat kan je meten en onderzoeken. pH waarde ligt tussen de 4,5 en 5 en de elektrische geleiding is hoog n.l. tussen de 1100 en 1600 \u00b5S\/cm. Ook de rotatie is een indicatie evenals pollenoverzicht en peroxide activiteit.<br>Door het hoge minerale gehalte en reststoffen is het ongeschikt om de bijen hierop te laten<br>overwinteren.<br>Gaan we de honing van zeer dichtbij bekijken dan zien we onder de microscoop een geheel ander beeld dan bij florale honing. In deze honing komen schimmelsporen voor als ketens.<\/p>\n\n\n\n<p><br>Deze honingdauwgisten veroorzaken geen gisting van de honing maar behoren tot de suikertolerante gisten en lijken op Nosema-sporen. Verder zien we veel calciumoxalaatgruis. Deze bijzonderheden zijn in florale honingen niet of zelden aanwezig en duiden dus op honingdauwhoning.<br><\/p>\n\n\n\n<figure class=\"wp-block-image aligncenter size-full is-resized\"><img loading=\"lazy\" decoding=\"async\" width=\"332\" height=\"315\" src=\"https:\/\/bitsandbees.nl\/wp-content\/uploads\/2024\/12\/image-2.png\" alt=\"\" class=\"wp-image-1106\" style=\"width:168px;height:auto\" srcset=\"https:\/\/bitsandbees.nl\/wp-content\/uploads\/2024\/12\/image-2.png 332w, https:\/\/bitsandbees.nl\/wp-content\/uploads\/2024\/12\/image-2-300x285.png 300w\" sizes=\"(max-width: 332px) 100vw, 332px\" \/><\/figure>\n\n\n\n<p>Peroxidegehalte is heel vaak bovengemiddeld met 25microgram\/gram\/uur.<br>En na 8 uur loopt dit op tot de gemeten waarde 125. Bij florale honing neemt deze waarde altijd af na een uur.<br>Rotatie of draaiing van florale honing is linksdraaiend en te meten met een polarimeter of met polarisatiefilters. Honingdauwhoning heeft een positieve of rechtsdraaiende rotatie.<br>In Duitsland en Frankrijk is deze honing zeer gewild en worden er flinke prijzen voor<br>gevraagd. Zoekend op het WWW zie je ook hier bedragen staan van \u20ac10,00 voor een flacon<br>van 450gram. De honing is hier redelijk onbekend maar bij het proeven van de consument valt de<br>uiteindelijke keuze toch vaak op honingdauwhoning dan op bloemenhoning.<\/p>\n\n\n\n<p>Komt het door het klimaat dat we dat nu konden oogsten? Misschien moeten we weer vele jaren wachten<br>tot we deze BIJzondere honing hier weer van onze bijen kunnen verwachten.<\/p>\n\n\n\n<p>Enkele Honingschimmels onder de microscoop bekeken in een Honingdauwhoning:<\/p>\n\n\n\n<div class=\"wp-block-columns is-layout-flex wp-container-core-columns-is-layout-9d6595d7 wp-block-columns-is-layout-flex\">\n<div class=\"wp-block-column is-layout-flow wp-block-column-is-layout-flow\">\n<div class=\"wp-block-columns is-layout-flex wp-container-core-columns-is-layout-9d6595d7 wp-block-columns-is-layout-flex\">\n<div class=\"wp-block-column is-layout-flow wp-block-column-is-layout-flow\">\n<figure class=\"wp-block-image size-large\"><img loading=\"lazy\" decoding=\"async\" width=\"1024\" height=\"576\" src=\"https:\/\/bitsandbees.nl\/wp-content\/uploads\/2024\/12\/13-1024x576.jpg\" alt=\"\" class=\"wp-image-1113\" srcset=\"https:\/\/bitsandbees.nl\/wp-content\/uploads\/2024\/12\/13-980x551.jpg 980w, https:\/\/bitsandbees.nl\/wp-content\/uploads\/2024\/12\/13-480x270.jpg 480w\" sizes=\"(min-width: 0px) and (max-width: 480px) 480px, (min-width: 481px) and (max-width: 980px) 980px, (min-width: 981px) 1024px, 100vw\" \/><\/figure>\n<\/div>\n<\/div>\n<\/div>\n\n\n\n<div class=\"wp-block-column is-layout-flow wp-block-column-is-layout-flow\">\n<figure class=\"wp-block-image size-large\"><img loading=\"lazy\" decoding=\"async\" width=\"1024\" height=\"576\" src=\"https:\/\/bitsandbees.nl\/wp-content\/uploads\/2024\/12\/0004-1-1024x576.jpg\" alt=\"\" class=\"wp-image-1112\" srcset=\"https:\/\/bitsandbees.nl\/wp-content\/uploads\/2024\/12\/0004-1-980x551.jpg 980w, https:\/\/bitsandbees.nl\/wp-content\/uploads\/2024\/12\/0004-1-480x270.jpg 480w\" sizes=\"(min-width: 0px) and (max-width: 480px) 480px, (min-width: 481px) and (max-width: 980px) 980px, (min-width: 981px) 1024px, 100vw\" \/><\/figure>\n<\/div>\n\n\n\n<div class=\"wp-block-column is-layout-flow wp-block-column-is-layout-flow\">\n<figure class=\"wp-block-image size-large\"><img loading=\"lazy\" decoding=\"async\" width=\"1024\" height=\"576\" src=\"https:\/\/bitsandbees.nl\/wp-content\/uploads\/2024\/12\/0002-1-1024x576.jpg\" alt=\"\" class=\"wp-image-1111\" srcset=\"https:\/\/bitsandbees.nl\/wp-content\/uploads\/2024\/12\/0002-1-980x551.jpg 980w, https:\/\/bitsandbees.nl\/wp-content\/uploads\/2024\/12\/0002-1-480x270.jpg 480w\" sizes=\"(min-width: 0px) and (max-width: 480px) 480px, (min-width: 481px) and (max-width: 980px) 980px, (min-width: 981px) 1024px, 100vw\" \/><\/figure>\n<\/div>\n<\/div>\n\n\n\n<p><a href=\"https:\/\/bitsandbees.nl\/index.php\/2024\/12\/03\/melecitose-honing\/\" data-type=\"page\" data-id=\"1101\">En dan bestaat er ook nog Cement-of Melecitose-Honing <\/a><\/p>\n","protected":false},"excerpt":{"rendered":"<p>Er is honing en honingdauwhoning. Wat zijn de verschillen?Het honingbesluit vermeld twee soorten honing, nl florale honing bereid uit bloemennectar en honing van insecten, ofwel,\u201cafscheidingsproducten van levende plantendelen of uitscheidingsproducten van plantensapzuigende insecten\u201dHoofdzakelijk de luis consumeert het sap van bladen voor hun noodzakelijke prote\u00efnen. Het sap bestaat vooral uit water en suiker met slechts een [&hellip;]<\/p>\n","protected":false},"author":7,"featured_media":0,"parent":0,"menu_order":0,"comment_status":"closed","ping_status":"closed","template":"","meta":{"_et_pb_use_builder":"off","_et_pb_old_content":"","_et_gb_content_width":"","footnotes":""},"class_list":["post-1101","page","type-page","status-publish","hentry"],"_links":{"self":[{"href":"https:\/\/bitsandbees.nl\/index.php\/wp-json\/wp\/v2\/pages\/1101","targetHints":{"allow":["GET"]}}],"collection":[{"href":"https:\/\/bitsandbees.nl\/index.php\/wp-json\/wp\/v2\/pages"}],"about":[{"href":"https:\/\/bitsandbees.nl\/index.php\/wp-json\/wp\/v2\/types\/page"}],"author":[{"embeddable":true,"href":"https:\/\/bitsandbees.nl\/index.php\/wp-json\/wp\/v2\/users\/7"}],"replies":[{"embeddable":true,"href":"https:\/\/bitsandbees.nl\/index.php\/wp-json\/wp\/v2\/comments?post=1101"}],"version-history":[{"count":7,"href":"https:\/\/bitsandbees.nl\/index.php\/wp-json\/wp\/v2\/pages\/1101\/revisions"}],"predecessor-version":[{"id":1192,"href":"https:\/\/bitsandbees.nl\/index.php\/wp-json\/wp\/v2\/pages\/1101\/revisions\/1192"}],"wp:attachment":[{"href":"https:\/\/bitsandbees.nl\/index.php\/wp-json\/wp\/v2\/media?parent=1101"}],"curies":[{"name":"wp","href":"https:\/\/api.w.org\/{rel}","templated":true}]}}